{"id":169,"date":"2021-09-30T15:41:53","date_gmt":"2021-09-30T15:41:53","guid":{"rendered":"http:\/\/192.95.60.172\/sitemap\/"},"modified":"2021-09-30T17:04:28","modified_gmt":"2021-09-30T17:04:28","slug":"plan-du-site","status":"publish","type":"page","link":"https:\/\/www.clubvetoquinol.ca\/fr\/plan-du-site\/","title":{"rendered":"Plan du site"},"content":{"rendered":"\n<div class=\"wp-block-columns is-layout-flex wp-container-core-columns-is-layout-9d6595d7 wp-block-columns-is-layout-flex\">\n<div class=\"wp-block-column is-layout-flow wp-block-column-is-layout-flow\"><div class=\"wsp-container\"><h2 class=\"wsp-pages-title\">Pages<\/h2>\n<ul class=\"wsp-pages-list\">\n<li class=\"page_item page-item-123\"><a href=\"https:\/\/www.clubvetoquinol.ca\/fr\/a-propos-de-vetoquinol\/\">\u00c0 propos de Vetoquinol<\/a><\/li>\n<li class=\"page_item page-item-114\"><a href=\"https:\/\/www.clubvetoquinol.ca\/fr\/a-propos-du-programme\/\">\u00c0 propos du programme<\/a><\/li>\n<li class=\"page_item page-item-1345\"><a href=\"https:\/\/www.clubvetoquinol.ca\/fr\/articles\/\">Articles<\/a><\/li>\n<li class=\"page_item page-item-54\"><a href=\"https:\/\/www.clubvetoquinol.ca\/fr\/contact\/\">Contact<\/a><\/li>\n<li class=\"page_item page-item-1297\"><a href=\"https:\/\/www.clubvetoquinol.ca\/fr\/cookies\/\">Cookies<\/a><\/li>\n<li class=\"page_item page-item-136\"><a href=\"https:\/\/www.clubvetoquinol.ca\/fr\/faq\/\">FAQ<\/a><\/li>\n<li class=\"page_item page-item-169\"><a href=\"https:\/\/www.clubvetoquinol.ca\/fr\/plan-du-site\/\">Plan du site<\/a><\/li>\n<li class=\"page_item page-item-3\"><a href=\"https:\/\/www.clubvetoquinol.ca\/fr\/politique-de-confidentialite\/\">Politique de confidentialit\u00e9<\/a><\/li>\n<li class=\"page_item page-item-1010\"><a href=\"https:\/\/www.clubvetoquinol.ca\/fr\/produits\/\">Produits<\/a><\/li>\n<li class=\"page_item page-item-45\"><a href=\"https:\/\/www.clubvetoquinol.ca\/fr\/\">Programme de loyaut\u00e9 pour les producteurs<\/a><\/li>\n<li class=\"page_item page-item-116\"><a href=\"https:\/\/www.clubvetoquinol.ca\/fr\/recompenses\/\">R\u00e9compenses<\/a><\/li>\n<\/ul>\n<\/div>\n<\/div>\n\n\n\n<div class=\"wp-block-column is-layout-flow wp-block-column-is-layout-flow\"><div class=\"wsp-container\"><\/div>\n<\/div>\n<\/div>\n\n\n\n<div style=\"height:50px\" aria-hidden=\"true\" class=\"wp-block-spacer\"><\/div>\n\n\n\n<div class=\"wp-block-columns is-layout-flex wp-container-core-columns-is-layout-9d6595d7 wp-block-columns-is-layout-flex\">\n<div class=\"wp-block-column is-layout-flow wp-block-column-is-layout-flow\"><div class=\"wsp-container\"><h2 class=\"wsp-categories-title\">Categories<\/h2>\n<ul class=\"wsp-categories-list\">\n\t<li><a href=\"https:\/\/www.clubvetoquinol.ca\/fr\/categorie\/non-classifiee\/\">Non classifi\u00e9(e)<\/a><\/li>\n<\/ul>\n<\/div>\n<\/div>\n\n\n\n<div class=\"wp-block-column is-layout-flow wp-block-column-is-layout-flow\"><\/div>\n<\/div>\n","protected":false},"excerpt":{"rendered":"","protected":false},"author":13,"featured_media":0,"parent":0,"menu_order":0,"comment_status":"closed","ping_status":"closed","template":"","meta":{"footnotes":""},"class_list":["post-169","page","type-page","status-publish","hentry"],"yoast_head":"<!-- This site is optimized with the Yoast SEO plugin v24.5 - https:\/\/yoast.com\/wordpress\/plugins\/seo\/ -->\n<title>Plan du site - Club Vetoquinol<\/title>\n<meta name=\"robots\" content=\"index, follow, max-snippet:-1, max-image-preview:large, max-video-preview:-1\" \/>\n<link rel=\"canonical\" href=\"https:\/\/www.clubvetoquinol.ca\/sitemap\/\" \/>\n<meta property=\"og:locale\" content=\"fr_FR\" \/>\n<meta property=\"og:type\" content=\"article\" \/>\n<meta property=\"og:title\" content=\"Plan du site - Club Vetoquinol\" \/>\n<meta property=\"og:url\" content=\"https:\/\/www.clubvetoquinol.ca\/sitemap\/\" \/>\n<meta property=\"og:site_name\" content=\"Club Vetoquinol\" \/>\n<meta property=\"article:modified_time\" content=\"2021-09-30T17:04:28+00:00\" \/>\n<meta name=\"twitter:card\" content=\"summary_large_image\" \/>\n<meta name=\"twitter:label1\" content=\"Est. reading time\" \/>\n\t<meta name=\"twitter:data1\" content=\"1 minute\" \/>\n<script type=\"application\/ld+json\" class=\"yoast-schema-graph\">{\"@context\":\"https:\/\/schema.org\",\"@graph\":[{\"@type\":\"WebPage\",\"@id\":\"https:\/\/www.clubvetoquinol.ca\/sitemap\/\",\"url\":\"https:\/\/www.clubvetoquinol.ca\/sitemap\/\",\"name\":\"Plan du site - Club Vetoquinol\",\"isPartOf\":{\"@id\":\"https:\/\/www.clubvetoquinol.ca\/#website\"},\"datePublished\":\"2021-09-30T15:41:53+00:00\",\"dateModified\":\"2021-09-30T17:04:28+00:00\",\"breadcrumb\":{\"@id\":\"https:\/\/www.clubvetoquinol.ca\/sitemap\/#breadcrumb\"},\"inLanguage\":\"fr-FR\",\"potentialAction\":[{\"@type\":\"ReadAction\",\"target\":[\"https:\/\/www.clubvetoquinol.ca\/sitemap\/\"]}]},{\"@type\":\"BreadcrumbList\",\"@id\":\"https:\/\/www.clubvetoquinol.ca\/sitemap\/#breadcrumb\",\"itemListElement\":[{\"@type\":\"ListItem\",\"position\":1,\"name\":\"Accueil\",\"item\":\"https:\/\/www.clubvetoquinol.ca\/fr\/\"},{\"@type\":\"ListItem\",\"position\":2,\"name\":\"Plan du site\"}]},{\"@type\":\"WebSite\",\"@id\":\"https:\/\/www.clubvetoquinol.ca\/#website\",\"url\":\"https:\/\/www.clubvetoquinol.ca\/\",\"name\":\"Club Vetoquinol\",\"description\":\"Vetoquinol: for all the right reasons\",\"publisher\":{\"@id\":\"https:\/\/www.clubvetoquinol.ca\/#organization\"},\"potentialAction\":[{\"@type\":\"SearchAction\",\"target\":{\"@type\":\"EntryPoint\",\"urlTemplate\":\"https:\/\/www.clubvetoquinol.ca\/?s={search_term_string}\"},\"query-input\":{\"@type\":\"PropertyValueSpecification\",\"valueRequired\":true,\"valueName\":\"search_term_string\"}}],\"inLanguage\":\"fr-FR\"},{\"@type\":\"Organization\",\"@id\":\"https:\/\/www.clubvetoquinol.ca\/#organization\",\"name\":\"Club Vetoquinol\",\"url\":\"https:\/\/www.clubvetoquinol.ca\/\",\"logo\":{\"@type\":\"ImageObject\",\"inLanguage\":\"fr-FR\",\"@id\":\"https:\/\/www.clubvetoquinol.ca\/#\/schema\/logo\/image\/\",\"url\":\"http:\/\/192.95.60.172\/wp-content\/uploads\/2021\/09\/vetoquinol-club-logo.png\",\"contentUrl\":\"http:\/\/192.95.60.172\/wp-content\/uploads\/2021\/09\/vetoquinol-club-logo.png\",\"width\":307,\"height\":236,\"caption\":\"Club Vetoquinol\"},\"image\":{\"@id\":\"https:\/\/www.clubvetoquinol.ca\/#\/schema\/logo\/image\/\"}}]}<\/script>\n<!-- \/ Yoast SEO plugin. -->","yoast_head_json":{"title":"Plan du site - Club Vetoquinol","robots":{"index":"index","follow":"follow","max-snippet":"max-snippet:-1","max-image-preview":"max-image-preview:large","max-video-preview":"max-video-preview:-1"},"canonical":"https:\/\/www.clubvetoquinol.ca\/sitemap\/","og_locale":"fr_FR","og_type":"article","og_title":"Plan du site - Club Vetoquinol","og_url":"https:\/\/www.clubvetoquinol.ca\/sitemap\/","og_site_name":"Club Vetoquinol","article_modified_time":"2021-09-30T17:04:28+00:00","twitter_card":"summary_large_image","twitter_misc":{"Est. reading time":"1 minute"},"schema":{"@context":"https:\/\/schema.org","@graph":[{"@type":"WebPage","@id":"https:\/\/www.clubvetoquinol.ca\/sitemap\/","url":"https:\/\/www.clubvetoquinol.ca\/sitemap\/","name":"Plan du site - Club Vetoquinol","isPartOf":{"@id":"https:\/\/www.clubvetoquinol.ca\/#website"},"datePublished":"2021-09-30T15:41:53+00:00","dateModified":"2021-09-30T17:04:28+00:00","breadcrumb":{"@id":"https:\/\/www.clubvetoquinol.ca\/sitemap\/#breadcrumb"},"inLanguage":"fr-FR","potentialAction":[{"@type":"ReadAction","target":["https:\/\/www.clubvetoquinol.ca\/sitemap\/"]}]},{"@type":"BreadcrumbList","@id":"https:\/\/www.clubvetoquinol.ca\/sitemap\/#breadcrumb","itemListElement":[{"@type":"ListItem","position":1,"name":"Accueil","item":"https:\/\/www.clubvetoquinol.ca\/fr\/"},{"@type":"ListItem","position":2,"name":"Plan du site"}]},{"@type":"WebSite","@id":"https:\/\/www.clubvetoquinol.ca\/#website","url":"https:\/\/www.clubvetoquinol.ca\/","name":"Club Vetoquinol","description":"Vetoquinol: for all the right reasons","publisher":{"@id":"https:\/\/www.clubvetoquinol.ca\/#organization"},"potentialAction":[{"@type":"SearchAction","target":{"@type":"EntryPoint","urlTemplate":"https:\/\/www.clubvetoquinol.ca\/?s={search_term_string}"},"query-input":{"@type":"PropertyValueSpecification","valueRequired":true,"valueName":"search_term_string"}}],"inLanguage":"fr-FR"},{"@type":"Organization","@id":"https:\/\/www.clubvetoquinol.ca\/#organization","name":"Club Vetoquinol","url":"https:\/\/www.clubvetoquinol.ca\/","logo":{"@type":"ImageObject","inLanguage":"fr-FR","@id":"https:\/\/www.clubvetoquinol.ca\/#\/schema\/logo\/image\/","url":"http:\/\/192.95.60.172\/wp-content\/uploads\/2021\/09\/vetoquinol-club-logo.png","contentUrl":"http:\/\/192.95.60.172\/wp-content\/uploads\/2021\/09\/vetoquinol-club-logo.png","width":307,"height":236,"caption":"Club Vetoquinol"},"image":{"@id":"https:\/\/www.clubvetoquinol.ca\/#\/schema\/logo\/image\/"}}]}},"jetpack-related-posts":[{"id":150,"url":"https:\/\/www.clubvetoquinol.ca\/sitemap\/","url_meta":{"origin":169,"position":0},"title":"Sitemap","date":"30 September 2021","format":false,"excerpt":"","rel":"","context":"Similar post","img":{"alt_text":"","src":"","width":0,"height":0},"classes":[]},{"id":136,"url":"https:\/\/www.clubvetoquinol.ca\/fr\/faq\/","url_meta":{"origin":169,"position":1},"title":"FAQ","date":"23 September 2021","format":false,"excerpt":"J'\u00e9tais inscrit au programme de r\u00e9compenses pr\u00e9c\u00e9dent, mais je ne peux pas me connecter au nouveau site. Si vous \u00e9tiez inscrit sur la plateforme de r\u00e9compenses pr\u00e9c\u00e9dente, un nouveau compte aurait d\u00fb \u00eatre automatiquement cr\u00e9\u00e9 pour vous le 3 ao\u00fbt 2021.Pour activer votre nouveau compte, vous devrez r\u00e9initialiser votre mot\u2026","rel":"","context":"Similar post","img":{"alt_text":"","src":"","width":0,"height":0},"classes":[]},{"id":114,"url":"https:\/\/www.clubvetoquinol.ca\/fr\/a-propos-du-programme\/","url_meta":{"origin":169,"position":2},"title":"\u00c0 propos du programme","date":"23 September 2021","format":false,"excerpt":"Le Club Vetoquinol a \u00e9t\u00e9 cr\u00e9\u00e9 en 2013 pour r\u00e9compenser les producteurs canadiens pour leur fid\u00e9lit\u00e9 envers nos marques. Parce que nous savons que vous \u00eates toujours au travail, nous, au Club Vetoquinol, sommes toujours au travail pour vous offrir des promotions int\u00e9ressantes et de superbes r\u00e9compenses! Depuis le d\u00e9but\u2026","rel":"","context":"Similar post","img":{"alt_text":"","src":"https:\/\/i0.wp.com\/www.clubvetoquinol.ca\/wp-content\/uploads\/father-son-dawn.png?resize=350%2C200&ssl=1","width":350,"height":200},"classes":[]},{"id":45,"url":"https:\/\/www.clubvetoquinol.ca\/fr\/","url_meta":{"origin":169,"position":3},"title":"Programme de loyaut\u00e9 pour les producteurs","date":"22 September 2021","format":false,"excerpt":"EXPLOREZ UNNOUVEAU MONDE DE R\u00c9COMPENSES Nous avons remani\u00e9 notre site Web afin de vous offrir une exp\u00e9rience renouvel\u00e9e pour l\u2019obtention de vos r\u00e9compenses. Inscrivez-vous maintenant et d\u00e9couvrez de nouvelles fa\u00e7ons d\u2019utiliser vos points. INSCRIVEZ-VOUS MAINTENANT VETOQUINOL: POUR TOUTES LES BONNES RAISONS Fond\u00e9e en 1933, Vetoquinol est une entreprise ind\u00e9pendante, familiale.\u2026","rel":"","context":"Similar post","img":{"alt_text":"","src":"https:\/\/i0.wp.com\/www.clubvetoquinol.ca\/wp-content\/uploads\/father-son-dawn.png?resize=350%2C200&ssl=1","width":350,"height":200},"classes":[]},{"id":60,"url":"https:\/\/www.clubvetoquinol.ca\/rewards\/","url_meta":{"origin":169,"position":4},"title":"Rewards","date":"22 September 2021","format":false,"excerpt":"Once you\u2019ve earned 5,000 points you can exchange them for a pre-paid card. Pre-paid cards are issued as single use, with funds loaded in denominations of $50. Your order will be consolidated onto one card. E.g. if ordering 2 x $50 you will received 1 card with $100.If you would\u2026","rel":"","context":"Similar post","img":{"alt_text":"","src":"https:\/\/i0.wp.com\/www.clubvetoquinol.ca\/wp-content\/uploads\/Prepaid_card.png?resize=350%2C200&ssl=1","width":350,"height":200},"classes":[]},{"id":68,"url":"https:\/\/www.clubvetoquinol.ca\/faq\/","url_meta":{"origin":169,"position":5},"title":"FAQ","date":"22 September 2021","format":false,"excerpt":"I was registered on the previous rewards program but cannot log in on the new site. If you were registered to the previous rewards platform, a new account should have been automatically created for you on August 3rd 2021.To activate your new account, you will need to reset your password\u2026","rel":"","context":"Similar post","img":{"alt_text":"","src":"","width":0,"height":0},"classes":[]}],"_links":{"self":[{"href":"https:\/\/www.clubvetoquinol.ca\/fr\/wp-json\/wp\/v2\/pages\/169","targetHints":{"allow":["GET"]}}],"collection":[{"href":"https:\/\/www.clubvetoquinol.ca\/fr\/wp-json\/wp\/v2\/pages"}],"about":[{"href":"https:\/\/www.clubvetoquinol.ca\/fr\/wp-json\/wp\/v2\/types\/page"}],"author":[{"embeddable":true,"href":"https:\/\/www.clubvetoquinol.ca\/fr\/wp-json\/wp\/v2\/users\/13"}],"replies":[{"embeddable":true,"href":"https:\/\/www.clubvetoquinol.ca\/fr\/wp-json\/wp\/v2\/comments?post=169"}],"version-history":[{"count":2,"href":"https:\/\/www.clubvetoquinol.ca\/fr\/wp-json\/wp\/v2\/pages\/169\/revisions"}],"predecessor-version":[{"id":172,"href":"https:\/\/www.clubvetoquinol.ca\/fr\/wp-json\/wp\/v2\/pages\/169\/revisions\/172"}],"wp:attachment":[{"href":"https:\/\/www.clubvetoquinol.ca\/fr\/wp-json\/wp\/v2\/media?parent=169"}],"curies":[{"name":"wp","href":"https:\/\/api.w.org\/{rel}","templated":true}]}}