{"id":114,"date":"2021-09-23T19:41:05","date_gmt":"2021-09-23T19:41:05","guid":{"rendered":"http:\/\/192.95.60.172\/?page_id=114"},"modified":"2024-02-23T17:34:54","modified_gmt":"2024-02-23T22:34:54","slug":"a-propos-du-programme","status":"publish","type":"page","link":"https:\/\/www.clubvetoquinol.ca\/fr\/a-propos-du-programme\/","title":{"rendered":"\u00c0 propos du programme"},"content":{"rendered":"\n<h2 class=\"wp-block-heading\">Le Club Vetoquinol a \u00e9t\u00e9 cr\u00e9\u00e9 en 2013 pour r\u00e9compenser les producteurs canadiens pour leur fid\u00e9lit\u00e9 envers nos marques.<\/h2>\n\n<div class=\"wp-block-media-text alignwide has-media-on-the-right is-stacked-on-mobile has-background\" style=\"background-color:#008a90\"><div class=\"wp-block-media-text__content\">\n<p class=\"has-white-background-color has-background\" style=\"font-size:26px\"><strong>Parce que nous savons que vous \u00eates toujours au travail, nous, au Club Vetoquinol, sommes toujours au travail pour vous offrir des promotions int\u00e9ressantes et de superbes r\u00e9compenses!<\/strong><\/p>\n<\/div><figure class=\"wp-block-media-text__media\"><img loading=\"lazy\" decoding=\"async\" width=\"1024\" height=\"1024\" src=\"https:\/\/www.vetoquinolclub.ca\n\/wp-content\/uploads\/father-son-dawn-1024x1024.png\" alt=\"\" class=\"wp-image-908 size-full\" srcset=\"https:\/\/www.clubvetoquinol.ca\/wp-content\/uploads\/father-son-dawn-1024x1024.png 1024w, https:\/\/www.clubvetoquinol.ca\/wp-content\/uploads\/father-son-dawn-300x300.png 300w, https:\/\/www.clubvetoquinol.ca\/wp-content\/uploads\/father-son-dawn-150x150.png 150w, https:\/\/www.clubvetoquinol.ca\/wp-content\/uploads\/father-son-dawn-100x100.png 100w\" sizes=\"auto, (max-width: 1024px) 100vw, 1024px\" \/><\/figure><\/div>\n\n<div class=\"wp-block-media-text alignwide is-stacked-on-mobile has-background\" style=\"background-color:#008a90\"><figure class=\"wp-block-media-text__media\"><img loading=\"lazy\" decoding=\"async\" width=\"1024\" height=\"1024\" src=\"https:\/\/www.vetoquinolclub.ca\n\/wp-content\/uploads\/dairy-farmer-1024x1024.jpg\" alt=\"\" class=\"wp-image-912 size-full\" srcset=\"https:\/\/www.clubvetoquinol.ca\/wp-content\/uploads\/dairy-farmer-1024x1024.jpg 1024w, https:\/\/www.clubvetoquinol.ca\/wp-content\/uploads\/dairy-farmer-300x300.jpg 300w, https:\/\/www.clubvetoquinol.ca\/wp-content\/uploads\/dairy-farmer-150x150.jpg 150w, https:\/\/www.clubvetoquinol.ca\/wp-content\/uploads\/dairy-farmer-100x100.jpg 100w\" sizes=\"auto, (max-width: 1024px) 100vw, 1024px\" \/><\/figure><div class=\"wp-block-media-text__content\">\n<p class=\"has-white-background-color has-background\" style=\"font-size:26px\"><strong>Depuis le d\u00e9but du programme, Vetoquinol a remis des r\u00e9compenses \u00e0 plus de 3000 membres du Club!<\/strong><\/p>\n<\/div><\/div>\n\n<div style=\"height:100px\" aria-hidden=\"true\" class=\"wp-block-spacer\"><\/div>\n\n<div class=\"wp-block-columns is-layout-flex wp-container-core-columns-is-layout-9d6595d7 wp-block-columns-is-layout-flex\">\n<div class=\"wp-block-column is-layout-flow wp-block-column-is-layout-flow\" style=\"flex-basis:100%\">\n<p style=\"font-size:22px\">L&#8217;acc\u00e8s pour les membres se trouve \u00e0 <a href=\"https:\/\/rewards.clubvetoquinol.ca\/users\/login\" target=\"_blank\" rel=\"noreferrer noopener\">rewards.clubvetoquinol.ca<\/a> et n\u00e9cessite une adresse de courriel valide pour entrer. Si vous n&#8217;avez pas d&#8217;adresse courriel, vous pouvez nous appeler au 1-800-363-1700 et nous vous aiderons. Vous pouvez \u00e9galement trouver de nombreuses r\u00e9ponses \u00e0 vos questions sur notre <a href=\"\/fr\/faq\/\">page FAQ<\/a>.<\/p>\n\n\n\n<h2 class=\"wp-block-heading\"><strong>Si vous n&#8217;\u00eates pas membre, vous pouvez <a href=\"https:\/\/rewards.clubvetoquinol.ca\/users\/register\" target=\"_blank\" rel=\"noreferrer noopener\">vous inscrire<\/a> en quelques secondes!<\/strong><\/h2>\n<\/div>\n<\/div>\n","protected":false},"excerpt":{"rendered":"<p>Le Club Vetoquinol a \u00e9t\u00e9 cr\u00e9\u00e9 en 2013 pour r\u00e9compenser les producteurs canadiens pour leur fid\u00e9lit\u00e9 envers nos marques. Parce que nous savons que vous \u00eates toujours au travail, nous, au Club Vetoquinol, sommes toujours au travail pour vous offrir [&hellip;]<\/p>\n","protected":false},"author":13,"featured_media":0,"parent":0,"menu_order":0,"comment_status":"closed","ping_status":"closed","template":"","meta":{"footnotes":""},"class_list":["post-114","page","type-page","status-publish","hentry"],"yoast_head":"<!-- This site is optimized with the Yoast SEO plugin v24.5 - https:\/\/yoast.com\/wordpress\/plugins\/seo\/ -->\n<title>\u00c0 propos du programme - Club Vetoquinol<\/title>\n<meta name=\"robots\" content=\"index, follow, max-snippet:-1, max-image-preview:large, max-video-preview:-1\" \/>\n<link rel=\"canonical\" href=\"https:\/\/www.clubvetoquinol.ca\/about-the-program\/\" \/>\n<meta property=\"og:locale\" content=\"fr_FR\" \/>\n<meta property=\"og:type\" content=\"article\" \/>\n<meta property=\"og:title\" content=\"\u00c0 propos du programme - Club Vetoquinol\" \/>\n<meta property=\"og:description\" content=\"Le Club Vetoquinol a \u00e9t\u00e9 cr\u00e9\u00e9 en 2013 pour r\u00e9compenser les producteurs canadiens pour leur fid\u00e9lit\u00e9 envers nos marques. Parce que nous savons que vous \u00eates toujours au travail, nous, au Club Vetoquinol, sommes toujours au travail pour vous offrir [&hellip;]\" \/>\n<meta property=\"og:url\" content=\"https:\/\/www.clubvetoquinol.ca\/about-the-program\/\" \/>\n<meta property=\"og:site_name\" content=\"Club Vetoquinol\" \/>\n<meta property=\"article:modified_time\" content=\"2024-02-23T22:34:54+00:00\" \/>\n<meta name=\"twitter:card\" content=\"summary_large_image\" \/>\n<meta name=\"twitter:label1\" content=\"Est. reading time\" \/>\n\t<meta name=\"twitter:data1\" content=\"2 minutes\" \/>\n<script type=\"application\/ld+json\" class=\"yoast-schema-graph\">{\"@context\":\"https:\/\/schema.org\",\"@graph\":[{\"@type\":\"WebPage\",\"@id\":\"https:\/\/www.clubvetoquinol.ca\/about-the-program\/\",\"url\":\"https:\/\/www.clubvetoquinol.ca\/about-the-program\/\",\"name\":\"\u00c0 propos du programme - Club Vetoquinol\",\"isPartOf\":{\"@id\":\"https:\/\/www.clubvetoquinol.ca\/#website\"},\"datePublished\":\"2021-09-23T19:41:05+00:00\",\"dateModified\":\"2024-02-23T22:34:54+00:00\",\"breadcrumb\":{\"@id\":\"https:\/\/www.clubvetoquinol.ca\/about-the-program\/#breadcrumb\"},\"inLanguage\":\"fr-FR\",\"potentialAction\":[{\"@type\":\"ReadAction\",\"target\":[\"https:\/\/www.clubvetoquinol.ca\/about-the-program\/\"]}]},{\"@type\":\"BreadcrumbList\",\"@id\":\"https:\/\/www.clubvetoquinol.ca\/about-the-program\/#breadcrumb\",\"itemListElement\":[{\"@type\":\"ListItem\",\"position\":1,\"name\":\"Accueil\",\"item\":\"https:\/\/www.clubvetoquinol.ca\/fr\/\"},{\"@type\":\"ListItem\",\"position\":2,\"name\":\"\u00c0 propos du programme\"}]},{\"@type\":\"WebSite\",\"@id\":\"https:\/\/www.clubvetoquinol.ca\/#website\",\"url\":\"https:\/\/www.clubvetoquinol.ca\/\",\"name\":\"Club Vetoquinol\",\"description\":\"Vetoquinol: for all the right reasons\",\"publisher\":{\"@id\":\"https:\/\/www.clubvetoquinol.ca\/#organization\"},\"potentialAction\":[{\"@type\":\"SearchAction\",\"target\":{\"@type\":\"EntryPoint\",\"urlTemplate\":\"https:\/\/www.clubvetoquinol.ca\/?s={search_term_string}\"},\"query-input\":{\"@type\":\"PropertyValueSpecification\",\"valueRequired\":true,\"valueName\":\"search_term_string\"}}],\"inLanguage\":\"fr-FR\"},{\"@type\":\"Organization\",\"@id\":\"https:\/\/www.clubvetoquinol.ca\/#organization\",\"name\":\"Club Vetoquinol\",\"url\":\"https:\/\/www.clubvetoquinol.ca\/\",\"logo\":{\"@type\":\"ImageObject\",\"inLanguage\":\"fr-FR\",\"@id\":\"https:\/\/www.clubvetoquinol.ca\/#\/schema\/logo\/image\/\",\"url\":\"http:\/\/192.95.60.172\/wp-content\/uploads\/2021\/09\/vetoquinol-club-logo.png\",\"contentUrl\":\"http:\/\/192.95.60.172\/wp-content\/uploads\/2021\/09\/vetoquinol-club-logo.png\",\"width\":307,\"height\":236,\"caption\":\"Club Vetoquinol\"},\"image\":{\"@id\":\"https:\/\/www.clubvetoquinol.ca\/#\/schema\/logo\/image\/\"}}]}<\/script>\n<!-- \/ Yoast SEO plugin. -->","yoast_head_json":{"title":"\u00c0 propos du programme - Club Vetoquinol","robots":{"index":"index","follow":"follow","max-snippet":"max-snippet:-1","max-image-preview":"max-image-preview:large","max-video-preview":"max-video-preview:-1"},"canonical":"https:\/\/www.clubvetoquinol.ca\/about-the-program\/","og_locale":"fr_FR","og_type":"article","og_title":"\u00c0 propos du programme - Club Vetoquinol","og_description":"Le Club Vetoquinol a \u00e9t\u00e9 cr\u00e9\u00e9 en 2013 pour r\u00e9compenser les producteurs canadiens pour leur fid\u00e9lit\u00e9 envers nos marques. Parce que nous savons que vous \u00eates toujours au travail, nous, au Club Vetoquinol, sommes toujours au travail pour vous offrir [&hellip;]","og_url":"https:\/\/www.clubvetoquinol.ca\/about-the-program\/","og_site_name":"Club Vetoquinol","article_modified_time":"2024-02-23T22:34:54+00:00","twitter_card":"summary_large_image","twitter_misc":{"Est. reading time":"2 minutes"},"schema":{"@context":"https:\/\/schema.org","@graph":[{"@type":"WebPage","@id":"https:\/\/www.clubvetoquinol.ca\/about-the-program\/","url":"https:\/\/www.clubvetoquinol.ca\/about-the-program\/","name":"\u00c0 propos du programme - Club Vetoquinol","isPartOf":{"@id":"https:\/\/www.clubvetoquinol.ca\/#website"},"datePublished":"2021-09-23T19:41:05+00:00","dateModified":"2024-02-23T22:34:54+00:00","breadcrumb":{"@id":"https:\/\/www.clubvetoquinol.ca\/about-the-program\/#breadcrumb"},"inLanguage":"fr-FR","potentialAction":[{"@type":"ReadAction","target":["https:\/\/www.clubvetoquinol.ca\/about-the-program\/"]}]},{"@type":"BreadcrumbList","@id":"https:\/\/www.clubvetoquinol.ca\/about-the-program\/#breadcrumb","itemListElement":[{"@type":"ListItem","position":1,"name":"Accueil","item":"https:\/\/www.clubvetoquinol.ca\/fr\/"},{"@type":"ListItem","position":2,"name":"\u00c0 propos du programme"}]},{"@type":"WebSite","@id":"https:\/\/www.clubvetoquinol.ca\/#website","url":"https:\/\/www.clubvetoquinol.ca\/","name":"Club Vetoquinol","description":"Vetoquinol: for all the right reasons","publisher":{"@id":"https:\/\/www.clubvetoquinol.ca\/#organization"},"potentialAction":[{"@type":"SearchAction","target":{"@type":"EntryPoint","urlTemplate":"https:\/\/www.clubvetoquinol.ca\/?s={search_term_string}"},"query-input":{"@type":"PropertyValueSpecification","valueRequired":true,"valueName":"search_term_string"}}],"inLanguage":"fr-FR"},{"@type":"Organization","@id":"https:\/\/www.clubvetoquinol.ca\/#organization","name":"Club Vetoquinol","url":"https:\/\/www.clubvetoquinol.ca\/","logo":{"@type":"ImageObject","inLanguage":"fr-FR","@id":"https:\/\/www.clubvetoquinol.ca\/#\/schema\/logo\/image\/","url":"http:\/\/192.95.60.172\/wp-content\/uploads\/2021\/09\/vetoquinol-club-logo.png","contentUrl":"http:\/\/192.95.60.172\/wp-content\/uploads\/2021\/09\/vetoquinol-club-logo.png","width":307,"height":236,"caption":"Club Vetoquinol"},"image":{"@id":"https:\/\/www.clubvetoquinol.ca\/#\/schema\/logo\/image\/"}}]}},"jetpack-related-posts":[{"id":45,"url":"https:\/\/www.clubvetoquinol.ca\/fr\/","url_meta":{"origin":114,"position":0},"title":"Programme de loyaut\u00e9 pour les producteurs","date":"22 September 2021","format":false,"excerpt":"EXPLOREZ UNNOUVEAU MONDE DE R\u00c9COMPENSES Nous avons remani\u00e9 notre site Web afin de vous offrir une exp\u00e9rience renouvel\u00e9e pour l\u2019obtention de vos r\u00e9compenses. Inscrivez-vous maintenant et d\u00e9couvrez de nouvelles fa\u00e7ons d\u2019utiliser vos points. INSCRIVEZ-VOUS MAINTENANT VETOQUINOL: POUR TOUTES LES BONNES RAISONS Fond\u00e9e en 1933, Vetoquinol est une entreprise ind\u00e9pendante, familiale.\u2026","rel":"","context":"Similar post","img":{"alt_text":"","src":"https:\/\/i0.wp.com\/www.clubvetoquinol.ca\/wp-content\/uploads\/father-son-dawn.png?resize=350%2C200&ssl=1","width":350,"height":200},"classes":[]},{"id":136,"url":"https:\/\/www.clubvetoquinol.ca\/fr\/faq\/","url_meta":{"origin":114,"position":1},"title":"FAQ","date":"23 September 2021","format":false,"excerpt":"J'\u00e9tais inscrit au programme de r\u00e9compenses pr\u00e9c\u00e9dent, mais je ne peux pas me connecter au nouveau site. Si vous \u00e9tiez inscrit sur la plateforme de r\u00e9compenses pr\u00e9c\u00e9dente, un nouveau compte aurait d\u00fb \u00eatre automatiquement cr\u00e9\u00e9 pour vous le 3 ao\u00fbt 2021.Pour activer votre nouveau compte, vous devrez r\u00e9initialiser votre mot\u2026","rel":"","context":"Similar post","img":{"alt_text":"","src":"","width":0,"height":0},"classes":[]},{"id":3,"url":"https:\/\/www.clubvetoquinol.ca\/fr\/politique-de-confidentialite\/","url_meta":{"origin":114,"position":2},"title":"Politique de confidentialit\u00e9","date":"23 August 2021","format":false,"excerpt":"Date d\u2019entr\u00e9e en vigueur : 15 septembre 2023 Chez\u00a0Club Vetoquinol, nous accordons une importance capitale \u00e0 la protection de la vie priv\u00e9e de nos utilisateurs. Cette politique de confidentialit\u00e9 vise \u00e0 vous informer sur la mani\u00e8re dont nous collectons, utilisons, partageons et prot\u00e9geons les informations personnelles que vous nous fournissez\u2026","rel":"","context":"Similar post","img":{"alt_text":"","src":"","width":0,"height":0},"classes":[]},{"id":116,"url":"https:\/\/www.clubvetoquinol.ca\/fr\/recompenses\/","url_meta":{"origin":114,"position":3},"title":"R\u00e9compenses","date":"23 September 2021","format":false,"excerpt":"Une fois que vous avez accumul\u00e9 5 000 points, vous pouvez les \u00e9changer contre une carte pr\u00e9pay\u00e9e. Les cartes pr\u00e9pay\u00e9es sont \u00e0 usage unique et les fonds disponibles en coupures de 50 $. Votre commande sera consolid\u00e9e sur une seule carte. Par exemple: si vous commandez 2 x 50 $,\u2026","rel":"","context":"Similar post","img":{"alt_text":"","src":"https:\/\/i0.wp.com\/www.clubvetoquinol.ca\/wp-content\/uploads\/Prepaid_card.png?resize=350%2C200&ssl=1","width":350,"height":200},"classes":[]},{"id":2,"url":"https:\/\/www.clubvetoquinol.ca\/index\/","url_meta":{"origin":114,"position":4},"title":"Farm Producer Loyalty Program","date":"23 August 2021","format":false,"excerpt":"EXPLORE ANEW WORLD OF REWARDS We\u2019ve redesigned our website to bring you a revitalized Rewards experience. Join now, and start exploring new paths to using Points. REGISTRER NOW VETOQUINOL: FOR ALL THE RIGHT REASONS Founded in 1933, Vetoquinol is an independent, family-owned business. Human approach - like partnership - is\u2026","rel":"","context":"Similar post","img":{"alt_text":"","src":"https:\/\/i0.wp.com\/www.clubvetoquinol.ca\/wp-content\/uploads\/father-son-dawn.png?resize=350%2C200&ssl=1","width":350,"height":200},"classes":[]},{"id":123,"url":"https:\/\/www.clubvetoquinol.ca\/fr\/a-propos-de-vetoquinol\/","url_meta":{"origin":114,"position":5},"title":"\u00c0 propos de Vetoquinol","date":"23 September 2021","format":false,"excerpt":"Texte en fran\u00e7ais","rel":"","context":"Similar post","img":{"alt_text":"","src":"","width":0,"height":0},"classes":[]}],"_links":{"self":[{"href":"https:\/\/www.clubvetoquinol.ca\/fr\/wp-json\/wp\/v2\/pages\/114","targetHints":{"allow":["GET"]}}],"collection":[{"href":"https:\/\/www.clubvetoquinol.ca\/fr\/wp-json\/wp\/v2\/pages"}],"about":[{"href":"https:\/\/www.clubvetoquinol.ca\/fr\/wp-json\/wp\/v2\/types\/page"}],"author":[{"embeddable":true,"href":"https:\/\/www.clubvetoquinol.ca\/fr\/wp-json\/wp\/v2\/users\/13"}],"replies":[{"embeddable":true,"href":"https:\/\/www.clubvetoquinol.ca\/fr\/wp-json\/wp\/v2\/comments?post=114"}],"version-history":[{"count":22,"href":"https:\/\/www.clubvetoquinol.ca\/fr\/wp-json\/wp\/v2\/pages\/114\/revisions"}],"predecessor-version":[{"id":1342,"href":"https:\/\/www.clubvetoquinol.ca\/fr\/wp-json\/wp\/v2\/pages\/114\/revisions\/1342"}],"wp:attachment":[{"href":"https:\/\/www.clubvetoquinol.ca\/fr\/wp-json\/wp\/v2\/media?parent=114"}],"curies":[{"name":"wp","href":"https:\/\/api.w.org\/{rel}","templated":true}]}}